{"id":3060,"date":"2023-04-06T16:55:16","date_gmt":"2023-04-06T14:55:16","guid":{"rendered":"https:\/\/www.tonuccicollection.com\/privacy-policy-2\/"},"modified":"2023-06-08T15:04:18","modified_gmt":"2023-06-08T13:04:18","slug":"privacy-policy-2","status":"publish","type":"page","link":"https:\/\/www.tonuccicollection.com\/en\/privacy-policy-2\/","title":{"rendered":"Privacy Policy"},"content":{"rendered":"<div class=\"fusion-fullwidth fullwidth-box fusion-builder-row-1 fusion-flex-container has-pattern-background has-mask-background nonhundred-percent-fullwidth non-hundred-percent-height-scrolling\" style=\"--awb-border-radius-top-left:0px;--awb-border-radius-top-right:0px;--awb-border-radius-bottom-right:0px;--awb-border-radius-bottom-left:0px;--awb-margin-top:200px;--awb-flex-wrap:wrap;\" ><div class=\"fusion-builder-row fusion-row fusion-flex-align-items-flex-start fusion-flex-content-wrap\" style=\"max-width:1799.2px;margin-left: calc(-4% \/ 2 );margin-right: calc(-4% \/ 2 );\"><div class=\"fusion-layout-column fusion_builder_column fusion-builder-column-0 fusion_builder_column_1_1 1_1 fusion-flex-column\" style=\"--awb-bg-size:cover;--awb-width-large:100%;--awb-margin-top-large:0px;--awb-spacing-right-large:1.92%;--awb-margin-bottom-large:20px;--awb-spacing-left-large:1.92%;--awb-width-medium:100%;--awb-order-medium:0;--awb-spacing-right-medium:1.92%;--awb-spacing-left-medium:1.92%;--awb-width-small:100%;--awb-order-small:0;--awb-spacing-right-small:1.92%;--awb-spacing-left-small:1.92%;\"><div class=\"fusion-column-wrapper fusion-column-has-shadow fusion-flex-justify-content-flex-start fusion-content-layout-column\"><div class=\"fusion-text fusion-text-1\"><p>\n&#13;<\/p>\n<h3 class=\"wp-block-heading\"><b>1 Premessa<\/b><\/h3>\n<p>&#13;<\/p>\n<p align=\"JUSTIFY\">Benvenuto sul nostro Sito web. Quando utilizzi il nostro Sito o usufruisci dei suoi servizi (di seguito, il \u201c<b>Sito<\/b>\u201d e i \u201c<b>Servizi<\/b>\u201c), raccogliamo informazioni e dati personali che ti riguardano. Per questo motivo, in conformit\u00e0 con quanto previsto dal Regolamento Generale sulla Protezione dei Dati n. 679\/2016 (\u201c<b>RGPD<\/b>\u201c) e dalla normativa nazionale applicabile (insieme, \u201c<b>Normativa Privacy<\/b>\u201c), abbiamo creato il presente documento (di seguito \u201c<b>Privacy Policy<\/b>\u201c) allo scopo di descriverti quali dati personali raccogliamo, le finalit\u00e0 e le modalit\u00e0 di trattamento degli stessi e le misure di sicurezza che adottiamo per proteggerli.<\/p>\n<p>&#13;<\/p>\n<p>\u00a0<\/p>\n<p>&#13;<\/p>\n<h3><b>2 Fonte dei dati e finalit\u00e0 del trattamento dei dati<\/b><\/h3>\n<p>&#13;<\/p>\n<h4><b>Dati di navigazione<\/b><\/h4>\n<p>&#13;<\/p>\n<p align=\"JUSTIFY\">I sistemi informatici preposti al funzionamento del Sito acquisiscono, nel corso del loro normale funzionamento, alcuni dei tuoi dati personali la cui trasmissione \u00e8 implicita nell\u2019uso dei protocolli di comunicazione di Internet. Queste informazioni non vengono raccolte con lo scopo di identificarti, ma potrebbero portare alla tua identificazione qualora, ad esempio, venissero combinate con dati detenuti da terzi. In questa categoria di dati rientra l\u2019indirizzo IP e il nome a dominio del tuo computer, gli indirizzi in notazione\u00a0delle risorse richieste, l\u2019orario della richiesta, il metodo utilizzato nel sottoporre la richiesta al server, la dimensione del file ottenuto in risposta, il codice numerico indicante lo stato della risposta data ed altri parametri relativi al tuo sistema operativo. Utilizziamo questi dati al solo fine di ricavare informazioni statistiche anonime sull\u2019uso del Sito e per controllarne il corretto funzionamento. Cancelliamo i dati cos\u00ec raccolti immediatamente dopo la loro elaborazione. I dati potrebbero essere\u00a0utilizzati per l\u2019accertamento di responsabilit\u00e0 in caso di reati informatici commessi ai danni dei Servizi.<\/p>\n<p>&#13;<\/p>\n<h4><b>Informazioni di registrazione ed ulteriori informazioni fornite dall\u2019utente<\/b><\/h4>\n<p>&#13;<\/p>\n<p align=\"JUSTIFY\">L\u2019utilizzo del nostro Sito non richiede la creazione di un account personale. Tuttavia, per poter usufruire di determinati Servizi (es. newsletter, contact us) sar\u00e0 necessaria una trasmissione di dati personali previa idonea informativa dedicata. Ti invitiamo a prendere visione delle informative appositamente pubblicate nelle relative pagine cos\u00ec da essere consapevoli delle finalit\u00e0 della raccolta, della obbligatoriet\u00e0 o meno del conferimento dei dati, dei soggetti cui eventualmente possono essere trasmessi o comunicati.<\/p>\n<p>&#13;<\/p>\n<p align=\"JUSTIFY\">Qualora tu dovessi raccogliere, trattare e comunicarci informazioni riferite a terzi, dovrai farlo in conformit\u00e0 alle disposizioni della Normativa Privacy e, pertanto, dovrai dare loro una preventiva informativa sul trattamento e, se necessario, dovrai raccoglierne il libero ed espresso consenso prima di effettuare il trattamento.<\/p>\n<p>&#13;<\/p>\n<h4><b>Finalit\u00e0 del trattamento<\/b><\/h4>\n<p>&#13;<\/p>\n<p align=\"JUSTIFY\">Fornirci le informazioni sopra indicate \u00e8 necessario per consentirti di utilizzare i nostri Servizi, permetterci di rispondere alle tue richieste di informazioni o alle richieste di attivazione gratuita di alcuni Servizi. Un eventuale tuo rifiuto ti impedirebbe di utilizzare i nostri Servizi e ci impedirebbe di rispondere alle tue richieste.<\/p>\n<p>&#13;<\/p>\n<h4><b>Basi giuridiche del trattamento<\/b><\/h4>\n<p>&#13;<\/p>\n<p align=\"JUSTIFY\">Tratteremo i tuoi dati personali soltanto in presenza di uno dei presupposti legali previsti dalla normativa vigente, e nello specifico il legittimo interesse di\u00a0<b>TONUCCI COLLECTION by tonuccidesign srl<\/b>, con particolare riferimento all\u2019ordinaria gestione e manutenzione del Sito.<\/p>\n<p>&#13;<\/p>\n<h2> <b>3 Modalit\u00e0 di trattamento dei dati e conservazione dei dati<\/b><\/h2>\n<p>&#13;<\/p>\n<p align=\"JUSTIFY\">Trattiamo i tuoi dati personali sia in modalit\u00e0 cartacea sia attraverso l\u2019aiuto di strumenti elettronici e sempre nel rispetto dei requisiti di sicurezza richiesti dalla normativa applicabile, con particolare ma non esclusivo riferimento all\u2019Allegato B del D. Lgs. 196\/2003 (Disciplinare Tecnico in materia di misure minime di sicurezza). Le nostre misure di sicurezza includono strumenti contrattuali con qualsiasi contraente (es. fornitori di servizi) o agente al fine di assicurare la protezione della sicurezza e della riservatezza dei tuoi dati personali in conformit\u00e0 alle disposizioni dettate dalla Normativa Privacy.<\/p>\n<p>&#13;<\/p>\n<p align=\"JUSTIFY\">I Suoi dati personali sono conservati per il tempo strettamente necessario al perseguimento delle finalit\u00e0 per le quali sono raccolti e per l\u2019adempimento degli applicabili obblighi di legge e regolamento. I dati saranno cancellati ovvero resi anonimi in modo permanente al raggiungimento delle finalit\u00e0 sopra indicate, salvo il caso in cui\u00a0<b> TONUCCI COLLECTION <\/b>sia tenuta a conservare i dati per un periodo ulteriore per adempiere ad obblighi di legge o regolamento.<\/p>\n<p>&#13;<\/p>\n<p align=\"JUSTIFY\">Con particolare riferimento alla tutela in sede giudiziaria dei nostri diritti, precisiamo che adottiamo un periodo di conservazione dei dati personali pari a dieci anni decorrenti dalla chiusura dell\u2019account, basato sul termine di prescrizione decennale di cui all\u2019art. 2946 Codice Civile italiano.<\/p>\n<p>&#13;<\/p>\n<h2> <b>4 Ambito della comunicazione<\/b><\/h2>\n<p>&#13;<\/p>\n<h4><b>Comunicazione interna ed esterna dei dati personali<\/b><\/h4>\n<p>&#13;<\/p>\n<p align=\"JUSTIFY\">I tuoi dati personali verranno trattati internamente soltanto da soggetti preventivamente nominati incaricati del trattamento ovvero responsabili. In particolare, i tuoi dati potranno essere comunicati alle seguenti categorie di soggetti esterni: fornitori di servizi (professionali e tecnici) e legittimi destinatari ai sensi di legge. I destinatari dei dati agiscono quali titolari, responsabili o incaricati secondo la normativa applicabile. Qualora dovessimo essere coinvolti una riorganizzazione, acquisizione o vendita della nostra societ\u00e0 o di parti di essa, comunicheremo i tuoi dati alle parti terze interessate dalla procedura. Qualsiasi parte terza che nell\u2019ambito di questa procedura risulti destinataria dei tuoi dati potr\u00e0 utilizzarli nei limiti stabiliti dalla presente Privacy Policy.<\/p>\n<p>&#13;<\/p>\n<h4 align=\"JUSTIFY\"><b>Trasferimento di dati all\u2019estero<\/b><\/h4>\n<p>&#13;<\/p>\n<p align=\"JUSTIFY\">I tuoi dati personali potranno da noi essere trasferiti al di fuori dell\u2019Italia a terzi destinatari stabiliti all\u2019interno dell\u2019Unione Europea. Tale trasferimento \u00e8 libero in quanto ciascuno paese dell\u2019Unione Europea garantisce un livello di protezione dei dati adeguato. Tuttavia, per le finalit\u00e0 sopra indicate, potremmo trasferire i tuoi dati anche verso paesi terzi, non appartenenti all\u2019Unione Europea, i quali non garantiscono il medesimo livello di protezione dei dati. Tuttavia, ti informiamo che tale trasferimento verso paesi terzi avverr\u00e0 sempre in accordo con quanto previsto dalla Normativa Privacy, ossia tramite la raccolta del tuo consenso, quando necessario, oppure tramite l\u2019adozione di ogni altra misura necessaria a garantire la sicurezza dei dati oggetto di trasferimento. Tra tali misure rientrano possibili accordi contrattuali basati sulle c.d.\u00a0<i>clausole contrattuali standard<\/i>\u00a0come elaborate dalla Commissione Europea.<\/p>\n<p>&#13;<\/p>\n<h2> <b>5 Diritti dell\u2019interessato<\/b><\/h2>\n<p>&#13;<\/p>\n<p align=\"JUSTIFY\">In qualsiasi momento potrai esercitare i diritti riconosciuti dalla Normativa Privacy, e potrai, ad esempio, accedere ai dati, verificarne il contenuto, l\u2019origine, l\u2019accuratezza, richiedere integrazioni, aggiornamenti, modifiche, cancellazioni, opporti al trattamento o chiederne la limitazione, o ancora chiederne la portabilit\u00e0. Per esercitare tali diritti ti invitiamo a contattarci tramite i recapiti di cui al paragrafo 6.<\/p>\n<p>&#13;<\/p>\n<h2> <b>6 Titolare e Responsabile della protezione dei dati<\/b><\/h2>\n<p>&#13;<\/p>\n<p align=\"JUSTIFY\"><a name=\"_Hlk21354961\"><\/a>Il Sito e i Servizi sono gestiti da <b>TONUCCI COLLECTION<\/b>, con sede in\u00a0<b>Pesaro, via Passeri 83\/85<\/b>, email:\u00a0<a href=\"mailto:info@tonuccicollection.com\">info@tonuccicollection.com<\/a>\u00a0che agisce in qualit\u00e0 di titolare del trattamento.<\/p>\n<p>&#13;<\/p>\n<p align=\"JUSTIFY\">Se lo desideri, puoi anche contattare il nostro Responsabile della protezione dei dati (RPD), scrivendo all\u2019indirizzo\u00a0<a href=\"mailto:info@tonuccicollection.com\">info@tonuccicollection.com<\/a><\/p>\n<p>&#13;<\/p>\n<\/div><\/div><\/div><\/div><\/div>\n","protected":false},"excerpt":{"rendered":"","protected":false},"author":1,"featured_media":0,"parent":0,"menu_order":0,"comment_status":"closed","ping_status":"closed","template":"","meta":{"footnotes":""},"class_list":["post-3060","page","type-page","status-publish","hentry"],"yoast_head":"<!-- This site is optimized with the Yoast SEO plugin v27.3 - https:\/\/yoast.com\/product\/yoast-seo-wordpress\/ -->\n<title>Privacy Policy - Tonucci Collection<\/title>\n<meta name=\"robots\" content=\"index, follow, max-snippet:-1, max-image-preview:large, max-video-preview:-1\" \/>\n<link rel=\"canonical\" href=\"https:\/\/www.tonuccicollection.com\/privacy-policy\/\" \/>\n<meta property=\"og:locale\" content=\"en_US\" \/>\n<meta property=\"og:type\" content=\"article\" \/>\n<meta property=\"og:title\" content=\"Privacy Policy - Tonucci Collection\" \/>\n<meta property=\"og:url\" content=\"https:\/\/www.tonuccicollection.com\/privacy-policy\/\" \/>\n<meta property=\"og:site_name\" content=\"Tonucci Collection\" \/>\n<meta property=\"article:modified_time\" content=\"2023-06-08T13:04:18+00:00\" \/>\n<meta name=\"twitter:card\" content=\"summary_large_image\" \/>\n<meta name=\"twitter:label1\" content=\"Est. reading time\" \/>\n\t<meta name=\"twitter:data1\" content=\"10 minutes\" \/>\n<script type=\"application\/ld+json\" class=\"yoast-schema-graph\">{\"@context\":\"https:\\\/\\\/schema.org\",\"@graph\":[{\"@type\":\"WebPage\",\"@id\":\"https:\\\/\\\/www.tonuccicollection.com\\\/privacy-policy\\\/\",\"url\":\"https:\\\/\\\/www.tonuccicollection.com\\\/privacy-policy\\\/\",\"name\":\"Privacy Policy - Tonucci Collection\",\"isPartOf\":{\"@id\":\"https:\\\/\\\/www.tonuccicollection.com\\\/#website\"},\"datePublished\":\"2023-04-06T14:55:16+00:00\",\"dateModified\":\"2023-06-08T13:04:18+00:00\",\"breadcrumb\":{\"@id\":\"https:\\\/\\\/www.tonuccicollection.com\\\/privacy-policy\\\/#breadcrumb\"},\"inLanguage\":\"en-US\",\"potentialAction\":[{\"@type\":\"ReadAction\",\"target\":[\"https:\\\/\\\/www.tonuccicollection.com\\\/privacy-policy\\\/\"]}]},{\"@type\":\"BreadcrumbList\",\"@id\":\"https:\\\/\\\/www.tonuccicollection.com\\\/privacy-policy\\\/#breadcrumb\",\"itemListElement\":[{\"@type\":\"ListItem\",\"position\":1,\"name\":\"Home\",\"item\":\"https:\\\/\\\/www.tonuccicollection.com\\\/en\\\/\"},{\"@type\":\"ListItem\",\"position\":2,\"name\":\"Privacy Policy\"}]},{\"@type\":\"WebSite\",\"@id\":\"https:\\\/\\\/www.tonuccicollection.com\\\/#website\",\"url\":\"https:\\\/\\\/www.tonuccicollection.com\\\/\",\"name\":\"Tonucci Collection\",\"description\":\"Tonucci Collection\",\"potentialAction\":[{\"@type\":\"SearchAction\",\"target\":{\"@type\":\"EntryPoint\",\"urlTemplate\":\"https:\\\/\\\/www.tonuccicollection.com\\\/?s={search_term_string}\"},\"query-input\":{\"@type\":\"PropertyValueSpecification\",\"valueRequired\":true,\"valueName\":\"search_term_string\"}}],\"inLanguage\":\"en-US\"}]}<\/script>\n<!-- \/ Yoast SEO plugin. -->","yoast_head_json":{"title":"Privacy Policy - Tonucci Collection","robots":{"index":"index","follow":"follow","max-snippet":"max-snippet:-1","max-image-preview":"max-image-preview:large","max-video-preview":"max-video-preview:-1"},"canonical":"https:\/\/www.tonuccicollection.com\/privacy-policy\/","og_locale":"en_US","og_type":"article","og_title":"Privacy Policy - Tonucci Collection","og_url":"https:\/\/www.tonuccicollection.com\/privacy-policy\/","og_site_name":"Tonucci Collection","article_modified_time":"2023-06-08T13:04:18+00:00","twitter_card":"summary_large_image","twitter_misc":{"Est. reading time":"10 minutes"},"schema":{"@context":"https:\/\/schema.org","@graph":[{"@type":"WebPage","@id":"https:\/\/www.tonuccicollection.com\/privacy-policy\/","url":"https:\/\/www.tonuccicollection.com\/privacy-policy\/","name":"Privacy Policy - Tonucci Collection","isPartOf":{"@id":"https:\/\/www.tonuccicollection.com\/#website"},"datePublished":"2023-04-06T14:55:16+00:00","dateModified":"2023-06-08T13:04:18+00:00","breadcrumb":{"@id":"https:\/\/www.tonuccicollection.com\/privacy-policy\/#breadcrumb"},"inLanguage":"en-US","potentialAction":[{"@type":"ReadAction","target":["https:\/\/www.tonuccicollection.com\/privacy-policy\/"]}]},{"@type":"BreadcrumbList","@id":"https:\/\/www.tonuccicollection.com\/privacy-policy\/#breadcrumb","itemListElement":[{"@type":"ListItem","position":1,"name":"Home","item":"https:\/\/www.tonuccicollection.com\/en\/"},{"@type":"ListItem","position":2,"name":"Privacy Policy"}]},{"@type":"WebSite","@id":"https:\/\/www.tonuccicollection.com\/#website","url":"https:\/\/www.tonuccicollection.com\/","name":"Tonucci Collection","description":"Tonucci Collection","potentialAction":[{"@type":"SearchAction","target":{"@type":"EntryPoint","urlTemplate":"https:\/\/www.tonuccicollection.com\/?s={search_term_string}"},"query-input":{"@type":"PropertyValueSpecification","valueRequired":true,"valueName":"search_term_string"}}],"inLanguage":"en-US"}]}},"_links":{"self":[{"href":"https:\/\/www.tonuccicollection.com\/en\/wp-json\/wp\/v2\/pages\/3060","targetHints":{"allow":["GET"]}}],"collection":[{"href":"https:\/\/www.tonuccicollection.com\/en\/wp-json\/wp\/v2\/pages"}],"about":[{"href":"https:\/\/www.tonuccicollection.com\/en\/wp-json\/wp\/v2\/types\/page"}],"author":[{"embeddable":true,"href":"https:\/\/www.tonuccicollection.com\/en\/wp-json\/wp\/v2\/users\/1"}],"replies":[{"embeddable":true,"href":"https:\/\/www.tonuccicollection.com\/en\/wp-json\/wp\/v2\/comments?post=3060"}],"version-history":[{"count":1,"href":"https:\/\/www.tonuccicollection.com\/en\/wp-json\/wp\/v2\/pages\/3060\/revisions"}],"predecessor-version":[{"id":3061,"href":"https:\/\/www.tonuccicollection.com\/en\/wp-json\/wp\/v2\/pages\/3060\/revisions\/3061"}],"wp:attachment":[{"href":"https:\/\/www.tonuccicollection.com\/en\/wp-json\/wp\/v2\/media?parent=3060"}],"curies":[{"name":"wp","href":"https:\/\/api.w.org\/{rel}","templated":true}]}}